{"id":3,"date":"2022-02-07T18:28:50","date_gmt":"2022-02-07T17:28:50","guid":{"rendered":"https:\/\/www.esymon.cz\/?page_id=3"},"modified":"2022-02-08T20:33:50","modified_gmt":"2022-02-08T19:33:50","slug":"ochrana-osobnich-udaju","status":"publish","type":"page","link":"https:\/\/www.esymon.cz\/en\/ochrana-osobnich-udaju\/","title":{"rendered":"Z\u00e1sady ochrany osobn\u00edch \u00fadaj\u016f"},"content":{"rendered":"<p><strong>Spr\u00e1vcem osobn\u00edch \u00fadaj\u016f<\/strong>&nbsp;a z\u00e1rove\u0148&nbsp;<strong>provozovatelem<\/strong>&nbsp;webu <a href=\"https:\/\/www.esymon.cz\/en\/\">www.esymon.cz<\/a>&nbsp;je obchodn\u00ed firma: Groundwater Consulting Services s.r.o., I\u010c: 28630301, DI\u010c: CZ28630301, Spisov\u00e1 zna\u010dka: C 35629 veden\u00e1 u Krajsk\u00e9ho soudu v Ostrav\u011b, S\u00eddlo: \u010cihal\u00edkova 350\/26, Mich\u00e1lkovice, 715 00 Ostrava<\/p>\n\n\n\n<p>Spr\u00e1vce se zavazuje, \u017ee zpracov\u00e1n\u00ed a nakl\u00e1d\u00e1n\u00ed s osobn\u00edmi \u00fadaji prob\u00edh\u00e1&nbsp;<strong>v souladu se z\u00e1konem<\/strong>&nbsp;\u010d\u00edslo 101\/2000 Sb. o ochran\u011b osobn\u00edch \u00fadaj\u016f&nbsp;<strong>a dal\u0161\u00edch pr\u00e1vn\u00edch p\u0159edpis\u016f<\/strong>&nbsp;zejm\u00e9na NA\u0158\u00cdZEN\u00cd EVROPSK\u00c9HO PARLAMENTU A RADY (EU) 2016\/679.<\/p>\n\n\n\n<p>Na tomto webu nejsou shroma\u017e\u010fov\u00e1ny ani zpracov\u00e1v\u00e1ny \u017e\u00e1dn\u00e9 osobn\u00ed \u00fadaje. K osobn\u00ed identifikaci jednotliv\u00fdch u\u017eivatel\u016f ani k slu\u010dov\u00e1n\u00ed s jin\u00fdmi \u00fadaji nedoch\u00e1z\u00ed.<\/p>\n\n\n\n<p><strong>Cookies<\/strong><\/p>\n\n\n\n<p>Na tomto webu nejsou pou\u017e\u00edv\u00e1ny cookies.<\/p>\n\n\n\n<p><strong>N\u00e1v\u0161t\u011bvn\u00edk, kter\u00fd poskytl sv\u00e9 osobn\u00ed informace v r\u00e1mci emailov\u00e9 nebo telefonick\u00e9 komunikace m\u00e1 pr\u00e1vo:<\/strong><\/p>\n\n\n\n<p>po\u017eadovat omezen\u00ed zpracov\u00e1n\u00ed osobn\u00edch \u00fadaj\u016f<br>kdykoliv sv\u016fj souhlas odvolat<br>upravit, doplnit sv\u00e9 osobn\u00ed \u00fadaje<br>vzn\u00e9st n\u00e1mitku v opodstatn\u011bn\u00fdch p\u0159\u00edpadech proti zpracov\u00e1n\u00ed sv\u00fdch osobn\u00edch \u00fadaj\u016f<br>podat st\u00ed\u017enost u \u00da\u0159adu na ochranu osobn\u00edch \u00fadaj\u016f<br>po\u017eadovat p\u0159enesen\u00ed sv\u00fdch osobn\u00edch \u00fadaj\u016f<br>na p\u0159\u00edstup ke sv\u00fdm osobn\u00edm \u00fadaj\u016fm prost\u0159ednictv\u00edm emailov\u00e9ho dotazu<br>v ur\u010dit\u00fdch p\u0159\u00edpadech pr\u00e1vo na upozorn\u011bn\u00ed o poru\u0161en\u00ed zabezpe\u010den\u00ed osobn\u00edch \u00fadaj\u016f<br>\u201eb\u00fdt zapomenut\u201c, tzn. pr\u00e1vo na v\u00fdmaz osobn\u00edch \u00fadaj\u016f, pokud n\u00e1m jejich zpracov\u00e1n\u00ed nena\u0159izuje jin\u00fd pr\u00e1vn\u00ed p\u0159edpis nebo jin\u00e1 z\u00e1konn\u00e1 povinnost<br>dot\u00e1zat se, jak\u00e9 osobn\u00ed \u00fadaje o V\u00e1s zpracov\u00e1v\u00e1m. <br>N\u00e1v\u0161t\u011bvn\u00edk m\u016f\u017ee ve\u0161ker\u00e9 \u017e\u00e1dosti, kdykoliv p\u00edsemn\u011b zaslat na adresu info@gcs-cz.biz nebo n\u00ed\u017ee uvedenou adresu pro doru\u010dov\u00e1n\u00ed.<\/p>\n\n\n\n<p><strong>Odkazy na jin\u00e9 str\u00e1nky<\/strong><br>Tento web obsahuje odkazy i na jin\u00e9 internetov\u00e9 str\u00e1nky, kter\u00e9 nejsou sou\u010d\u00e1st\u00ed tohoto webu. Spr\u00e1vce\u00a0 je zodpov\u011bdn\u00fd pouze za str\u00e1nky um\u00edst\u011bn\u00e9 na dom\u00e9n\u011b esymon.cz.<\/p>\n\n\n\n<p><strong>Kontaktn\u00ed \u00fadaje provozovatele:<\/strong><br>obchodn\u00ed firma: Groundwater Consulting Services s.r.o., I\u010c: 28630301, DI\u010c: CZ28630301, Spisov\u00e1 zna\u010dka: C 35629 veden\u00e1 u Krajsk\u00e9ho soudu v Ostrav\u011b, S\u00eddlo: \u010cihal\u00edkova 350\/26, Mich\u00e1lkovice, 715 00 Ostrava<br>adresa pro doru\u010dov\u00e1n\u00ed: Groundwater Consulting Services s.r.o., \u010cihal\u00edkova 350\/26, Mich\u00e1lkovice, 715 00 Ostrava<br>adresa elektronick\u00e9 po\u0161ty: info@gcs-cz.biz<br>Telefon: +420 777 144 487<\/p>","protected":false},"excerpt":{"rendered":"<p>Spr\u00e1vcem osobn\u00edch \u00fadaj\u016f&nbsp;a z\u00e1rove\u0148&nbsp;provozovatelem&nbsp;webu www.esymon.cz&nbsp;je obchodn\u00ed firma: Groundwater Consulting Services s.r.o., I\u010c: 28630301, DI\u010c: CZ28630301, Spisov\u00e1 zna\u010dka: C 35629 veden\u00e1 u Krajsk\u00e9ho soudu v Ostrav\u011b, S\u00eddlo: \u010cihal\u00edkova 350\/26, Mich\u00e1lkovice, 715 00 Ostrava Spr\u00e1vce se zavazuje, \u017ee zpracov\u00e1n\u00ed a nakl\u00e1d\u00e1n\u00ed s osobn\u00edmi \u00fadaji prob\u00edh\u00e1&nbsp;v souladu se z\u00e1konem&nbsp;\u010d\u00edslo 101\/2000 Sb. o ochran\u011b osobn\u00edch \u00fadaj\u016f&nbsp;a dal\u0161\u00edch pr\u00e1vn\u00edch p\u0159edpis\u016f&nbsp;zejm\u00e9na [&hellip;]<\/p>","protected":false},"author":1,"featured_media":0,"parent":0,"menu_order":0,"comment_status":"closed","ping_status":"open","template":"","meta":{"site-sidebar-layout":"default","site-content-layout":"","ast-site-content-layout":"default","site-content-style":"default","site-sidebar-style":"default","ast-global-header-display":"","ast-banner-title-visibility":"","ast-main-header-display":"","ast-hfb-above-header-display":"","ast-hfb-below-header-display":"","ast-hfb-mobile-header-display":"","site-post-title":"","ast-breadcrumbs-content":"","ast-featured-img":"","footer-sml-layout":"","theme-transparent-header-meta":"","adv-header-id-meta":"","stick-header-meta":"","header-above-stick-meta":"","header-main-stick-meta":"","header-below-stick-meta":"","astra-migrate-meta-layouts":"default","ast-page-background-enabled":"default","ast-page-background-meta":{"desktop":{"background-color":"var(--ast-global-color-4)","background-image":"","background-repeat":"repeat","background-position":"center center","background-size":"auto","background-attachment":"scroll","background-type":"","background-media":"","overlay-type":"","overlay-color":"","overlay-opacity":"","overlay-gradient":""},"tablet":{"background-color":"","background-image":"","background-repeat":"repeat","background-position":"center center","background-size":"auto","background-attachment":"scroll","background-type":"","background-media":"","overlay-type":"","overlay-color":"","overlay-opacity":"","overlay-gradient":""},"mobile":{"background-color":"","background-image":"","background-repeat":"repeat","background-position":"center center","background-size":"auto","background-attachment":"scroll","background-type":"","background-media":"","overlay-type":"","overlay-color":"","overlay-opacity":"","overlay-gradient":""}},"ast-content-background-meta":{"desktop":{"background-color":"var(--ast-global-color-5)","background-image":"","background-repeat":"repeat","background-position":"center center","background-size":"auto","background-attachment":"scroll","background-type":"","background-media":"","overlay-type":"","overlay-color":"","overlay-opacity":"","overlay-gradient":""},"tablet":{"background-color":"var(--ast-global-color-5)","background-image":"","background-repeat":"repeat","background-position":"center center","background-size":"auto","background-attachment":"scroll","background-type":"","background-media":"","overlay-type":"","overlay-color":"","overlay-opacity":"","overlay-gradient":""},"mobile":{"background-color":"var(--ast-global-color-5)","background-image":"","background-repeat":"repeat","background-position":"center center","background-size":"auto","background-attachment":"scroll","background-type":"","background-media":"","overlay-type":"","overlay-color":"","overlay-opacity":"","overlay-gradient":""}},"footnotes":""},"class_list":["post-3","page","type-page","status-publish","hentry"],"_links":{"self":[{"href":"https:\/\/www.esymon.cz\/en\/wp-json\/wp\/v2\/pages\/3","targetHints":{"allow":["GET"]}}],"collection":[{"href":"https:\/\/www.esymon.cz\/en\/wp-json\/wp\/v2\/pages"}],"about":[{"href":"https:\/\/www.esymon.cz\/en\/wp-json\/wp\/v2\/types\/page"}],"author":[{"embeddable":true,"href":"https:\/\/www.esymon.cz\/en\/wp-json\/wp\/v2\/users\/1"}],"replies":[{"embeddable":true,"href":"https:\/\/www.esymon.cz\/en\/wp-json\/wp\/v2\/comments?post=3"}],"version-history":[{"count":3,"href":"https:\/\/www.esymon.cz\/en\/wp-json\/wp\/v2\/pages\/3\/revisions"}],"predecessor-version":[{"id":95,"href":"https:\/\/www.esymon.cz\/en\/wp-json\/wp\/v2\/pages\/3\/revisions\/95"}],"wp:attachment":[{"href":"https:\/\/www.esymon.cz\/en\/wp-json\/wp\/v2\/media?parent=3"}],"curies":[{"name":"wp","href":"https:\/\/api.w.org\/{rel}","templated":true}]}}